{"id":41,"date":"2020-01-31T15:59:03","date_gmt":"2020-01-31T14:59:03","guid":{"rendered":"https:\/\/www.erlburg.law\/?page_id=41"},"modified":"2025-06-27T10:34:38","modified_gmt":"2025-06-27T08:34:38","slug":"imprint","status":"publish","type":"page","link":"https:\/\/www.erlburg.law\/en\/imprint\/","title":{"rendered":"Imprint"},"content":{"rendered":"\n<p><strong>ERLBURG Rechtsanwaltsgesellschaft mbH <\/strong><br>Dorotheenstra\u00dfe 37<br>D-10117 Berlin<\/p>\n\n\n\n<p> <strong>T<\/strong> +49 30 397799 &#8211; 0<br> <strong>F<\/strong> +49 30 397799 &#8211; 99<br> <strong>E<\/strong>&nbsp;office(at)erlburg.law<\/p>\n\n\n\n<p><strong>Name and Legal Form: <\/strong>ERLBURG Rechtsanwaltsgesellschaft mbH<br><strong>Registered Seat and Registration:<\/strong>&nbsp;Berlin, AG Charlottenburg, HRB 211315 B<br><strong>Management: <\/strong>Dr. Ulrike Gr\u00fcbler <br><strong>VAT-Identification-No.:<\/strong> DE326772266<\/p>\n\n\n\n<p><strong>Professional\nIndemnity Insurance: <\/strong>Allianz\nVersicherungs-AG, 10900 Berlin (Geographic Scope: Activites\nrelating to German, European and non-European Law)<\/p>\n\n\n\n<p><strong>Bar Association<\/strong>:\nRechtsanwaltskammer Berlin, Littenstra\u00dfe 9, 10179 Berlin<\/p>\n\n\n\n<p>The lawyers (\u201aRechtsanw\u00e4lte\u2019) of ERLBURG Rechtsanwaltsgesellschaft mbH are admitted to practice in the Federal Republic of Germany. The relevant professional rules applicable for Rechtsanw\u00e4lte can be reviewed and downloaded on the website of Bundesrechtsanwaltskammer (www.brak.de) under \u201eBerufsrecht\u201c. Those include in particular the following: <\/p>\n\n\n\n<ul class=\"wp-block-list\">\n<li>Bundesrechtsanwaltsordnung (BRAO)<\/li>\n\n\n\n<li>Berufsordnung f\u00fcr Rechtsanw\u00e4lte (BORA)<\/li>\n\n\n\n<li>Fachanwaltsordnung (FAO)<\/li>\n\n\n\n<li>Gesetz \u00fcber die Verg\u00fctung der Rechtsanw\u00e4ltinnen und<br>Rechtsanw\u00e4lte (RVG)<\/li>\n\n\n\n<li>Berufsregeln der Rechtsanw\u00e4lte der Europ\u00e4ischen Union (CCBE)<\/li>\n<\/ul>\n\n\n\n<p>The information contained on this website does not constitute legal advice and cannot replace it. Furthermore, we do not assume any guarantee for the actuality, accuracy and completeness of the information provided on this website. With the exception of permitted uses according to the Copyright Act (\u201aUrhG\u2019) any reproduction, distribution or making publicly available of the provided texts and pictures requires prior written approval. The legal notices on this website as well as any issues and disputes in relation to this website are governed by German Law. <\/p>\n\n\n\n<p><strong>Note according to ODR Regulation:&nbsp;<\/strong>The EU Commission has established an internet platform for the online settlement of disputes (&#8220;OS-Platform\u201d) between entrepreneurs and consumers. The OS platform is available at&nbsp;<a class=\"\" href=\"https:\/\/ec.europa.eu\/consumers\/odr\/\">https:\/\/ec.europa.eu\/consumers\/odr\/<\/a>.&nbsp;<\/p>\n\n\n\n<p><strong>Responsible according to \u00a7 18 MStV:&nbsp;<\/strong>Dr. Ulrike Gr\u00fcbler<\/p>\n\n\n\n<div style=\"height:25px\" aria-hidden=\"true\" class=\"wp-block-spacer\"><\/div>\n\n\n\n<p><strong>Webdesign<\/strong>: Christian Schillings <a href=\"https:\/\/www.rheinseite.de\" target=\"_blank\" rel=\"noreferrer noopener\" aria-label=\" (\u00f6ffnet in neuem Tab)\">www.rheinseite.de<\/a>; Beatrix Schmiedel <a href=\"https:\/\/www.beatrix-schmiedel.de\" target=\"_blank\" rel=\"noreferrer noopener\" aria-label=\"www.beatrix-schmiedel.de (\u00f6ffnet in neuem Tab)\">www.beatrix-schmiedel.de<\/a><\/p>\n\n\n\n<p><strong>Photography: <\/strong>Lotte Ostermann (Portraits\/Interior)<strong> <\/strong><a rel=\"noreferrer noopener\" aria-label=\" (\u00f6ffnet in neuem Tab)\" href=\"https:\/\/www.lotteostermann.de\" target=\"_blank\">www.lotteostermann.de<\/a>; stock photography:<\/p>\n\n\n\n<ul class=\"wp-block-list\">\n<li>Photo &#8220;BREXIT\u201c: \u00a9&nbsp;elinda Nagy, AdobeStock <\/li>\n\n\n\n<li>Photo &#8220;Green Branding\u201c: \u00a9 EnginKorkmaz, iStockphoto <\/li>\n\n\n\n<li>Photo &#8220;Tablet\u201c: \u00a9&nbsp;SFIO CRACHO, AdobeStock&nbsp;<\/li>\n\n\n\n<li>Photo &#8220;eBook piracy&#8221;: \u00a9 Bulat Silvia, iStockphoto<\/li>\n<\/ul>\n","protected":false},"excerpt":{"rendered":"<p>ERLBURG Rechtsanwaltsgesellschaft mbH Dorotheenstra\u00dfe 37D-10117 Berlin T +49 30 397799 &#8211; 0 F +49 30 397799 &#8211; 99 E&nbsp;office(at)erlburg.law Name and Legal Form: ERLBURG Rechtsanwaltsgesellschaft mbHRegistered Seat and Registration:&nbsp;Berlin, AG Charlottenburg, HRB 211315 BManagement: Dr. Ulrike Gr\u00fcbler VAT-Identification-No.: DE326772266 Professional Indemnity Insurance: Allianz Versicherungs-AG, 10900 Berlin (Geographic Scope: Activites relating to German, European and non-European [&hellip;]<\/p>\n","protected":false},"author":1,"featured_media":291,"parent":0,"menu_order":0,"comment_status":"closed","ping_status":"closed","template":"page-slim.php","meta":{"_acf_changed":false,"footnotes":""},"class_list":["post-41","page","type-page","status-publish","has-post-thumbnail","hentry"],"acf":[],"yoast_head":"<!-- This site is optimized with the Yoast SEO plugin v27.1.1 - https:\/\/yoast.com\/product\/yoast-seo-wordpress\/ -->\n<title>Imprint - ERLBURG Rechtsanwaltsgesellschaft mbH Berlin<\/title>\n<meta name=\"robots\" content=\"index, follow, max-snippet:-1, max-image-preview:large, max-video-preview:-1\" \/>\n<link rel=\"canonical\" href=\"https:\/\/www.erlburg.law\/en\/imprint\/\" \/>\n<meta property=\"og:locale\" content=\"en_US\" \/>\n<meta property=\"og:type\" content=\"article\" \/>\n<meta property=\"og:title\" content=\"Imprint - ERLBURG Rechtsanwaltsgesellschaft mbH Berlin\" \/>\n<meta property=\"og:description\" content=\"ERLBURG Rechtsanwaltsgesellschaft mbH Dorotheenstra\u00dfe 37D-10117 Berlin T +49 30 397799 &#8211; 0 F +49 30 397799 &#8211; 99 E&nbsp;office(at)erlburg.law Name and Legal Form: ERLBURG Rechtsanwaltsgesellschaft mbHRegistered Seat and Registration:&nbsp;Berlin, AG Charlottenburg, HRB 211315 BManagement: Dr. Ulrike Gr\u00fcbler VAT-Identification-No.: DE326772266 Professional Indemnity Insurance: Allianz Versicherungs-AG, 10900 Berlin (Geographic Scope: Activites relating to German, European and non-European [&hellip;]\" \/>\n<meta property=\"og:url\" content=\"https:\/\/www.erlburg.law\/en\/imprint\/\" \/>\n<meta property=\"og:site_name\" content=\"ERLBURG Rechtsanwaltsgesellschaft mbH Berlin\" \/>\n<meta property=\"article:modified_time\" content=\"2025-06-27T08:34:38+00:00\" \/>\n<meta property=\"og:image\" content=\"https:\/\/www.erlburg.law\/wp-content\/uploads\/2020\/02\/ERLBURG-Stage-News-1.jpg\" \/>\n\t<meta property=\"og:image:width\" content=\"1200\" \/>\n\t<meta property=\"og:image:height\" content=\"500\" \/>\n\t<meta property=\"og:image:type\" content=\"image\/jpeg\" \/>\n<meta name=\"twitter:card\" content=\"summary_large_image\" \/>\n<meta name=\"twitter:label1\" content=\"Est. reading time\" \/>\n\t<meta name=\"twitter:data1\" content=\"2 minutes\" \/>\n<script type=\"application\/ld+json\" class=\"yoast-schema-graph\">{\"@context\":\"https:\/\/schema.org\",\"@graph\":[{\"@type\":\"WebPage\",\"@id\":\"https:\/\/www.erlburg.law\/en\/imprint\/\",\"url\":\"https:\/\/www.erlburg.law\/en\/imprint\/\",\"name\":\"Imprint - ERLBURG Rechtsanwaltsgesellschaft mbH Berlin\",\"isPartOf\":{\"@id\":\"https:\/\/www.erlburg.law\/#website\"},\"primaryImageOfPage\":{\"@id\":\"https:\/\/www.erlburg.law\/en\/imprint\/#primaryimage\"},\"image\":{\"@id\":\"https:\/\/www.erlburg.law\/en\/imprint\/#primaryimage\"},\"thumbnailUrl\":\"https:\/\/www.erlburg.law\/wp-content\/uploads\/2020\/02\/ERLBURG-Stage-News-1.jpg\",\"datePublished\":\"2020-01-31T14:59:03+00:00\",\"dateModified\":\"2025-06-27T08:34:38+00:00\",\"breadcrumb\":{\"@id\":\"https:\/\/www.erlburg.law\/en\/imprint\/#breadcrumb\"},\"inLanguage\":\"en-US\",\"potentialAction\":[{\"@type\":\"ReadAction\",\"target\":[\"https:\/\/www.erlburg.law\/en\/imprint\/\"]}]},{\"@type\":\"ImageObject\",\"inLanguage\":\"en-US\",\"@id\":\"https:\/\/www.erlburg.law\/en\/imprint\/#primaryimage\",\"url\":\"https:\/\/www.erlburg.law\/wp-content\/uploads\/2020\/02\/ERLBURG-Stage-News-1.jpg\",\"contentUrl\":\"https:\/\/www.erlburg.law\/wp-content\/uploads\/2020\/02\/ERLBURG-Stage-News-1.jpg\",\"width\":1200,\"height\":500},{\"@type\":\"BreadcrumbList\",\"@id\":\"https:\/\/www.erlburg.law\/en\/imprint\/#breadcrumb\",\"itemListElement\":[{\"@type\":\"ListItem\",\"position\":1,\"name\":\"Startseite\",\"item\":\"https:\/\/www.erlburg.law\/en\/\"},{\"@type\":\"ListItem\",\"position\":2,\"name\":\"Imprint\"}]},{\"@type\":\"WebSite\",\"@id\":\"https:\/\/www.erlburg.law\/#website\",\"url\":\"https:\/\/www.erlburg.law\/\",\"name\":\"ERLBURG Rechtsanwaltsgesellschaft mbH Berlin\",\"description\":\"\",\"potentialAction\":[{\"@type\":\"SearchAction\",\"target\":{\"@type\":\"EntryPoint\",\"urlTemplate\":\"https:\/\/www.erlburg.law\/?s={search_term_string}\"},\"query-input\":{\"@type\":\"PropertyValueSpecification\",\"valueRequired\":true,\"valueName\":\"search_term_string\"}}],\"inLanguage\":\"en-US\"}]}<\/script>\n<!-- \/ Yoast SEO plugin. -->","yoast_head_json":{"title":"Imprint - ERLBURG Rechtsanwaltsgesellschaft mbH Berlin","robots":{"index":"index","follow":"follow","max-snippet":"max-snippet:-1","max-image-preview":"max-image-preview:large","max-video-preview":"max-video-preview:-1"},"canonical":"https:\/\/www.erlburg.law\/en\/imprint\/","og_locale":"en_US","og_type":"article","og_title":"Imprint - ERLBURG Rechtsanwaltsgesellschaft mbH Berlin","og_description":"ERLBURG Rechtsanwaltsgesellschaft mbH Dorotheenstra\u00dfe 37D-10117 Berlin T +49 30 397799 &#8211; 0 F +49 30 397799 &#8211; 99 E&nbsp;office(at)erlburg.law Name and Legal Form: ERLBURG Rechtsanwaltsgesellschaft mbHRegistered Seat and Registration:&nbsp;Berlin, AG Charlottenburg, HRB 211315 BManagement: Dr. Ulrike Gr\u00fcbler VAT-Identification-No.: DE326772266 Professional Indemnity Insurance: Allianz Versicherungs-AG, 10900 Berlin (Geographic Scope: Activites relating to German, European and non-European [&hellip;]","og_url":"https:\/\/www.erlburg.law\/en\/imprint\/","og_site_name":"ERLBURG Rechtsanwaltsgesellschaft mbH Berlin","article_modified_time":"2025-06-27T08:34:38+00:00","og_image":[{"width":1200,"height":500,"url":"https:\/\/www.erlburg.law\/wp-content\/uploads\/2020\/02\/ERLBURG-Stage-News-1.jpg","type":"image\/jpeg"}],"twitter_card":"summary_large_image","twitter_misc":{"Est. reading time":"2 minutes"},"schema":{"@context":"https:\/\/schema.org","@graph":[{"@type":"WebPage","@id":"https:\/\/www.erlburg.law\/en\/imprint\/","url":"https:\/\/www.erlburg.law\/en\/imprint\/","name":"Imprint - ERLBURG Rechtsanwaltsgesellschaft mbH Berlin","isPartOf":{"@id":"https:\/\/www.erlburg.law\/#website"},"primaryImageOfPage":{"@id":"https:\/\/www.erlburg.law\/en\/imprint\/#primaryimage"},"image":{"@id":"https:\/\/www.erlburg.law\/en\/imprint\/#primaryimage"},"thumbnailUrl":"https:\/\/www.erlburg.law\/wp-content\/uploads\/2020\/02\/ERLBURG-Stage-News-1.jpg","datePublished":"2020-01-31T14:59:03+00:00","dateModified":"2025-06-27T08:34:38+00:00","breadcrumb":{"@id":"https:\/\/www.erlburg.law\/en\/imprint\/#breadcrumb"},"inLanguage":"en-US","potentialAction":[{"@type":"ReadAction","target":["https:\/\/www.erlburg.law\/en\/imprint\/"]}]},{"@type":"ImageObject","inLanguage":"en-US","@id":"https:\/\/www.erlburg.law\/en\/imprint\/#primaryimage","url":"https:\/\/www.erlburg.law\/wp-content\/uploads\/2020\/02\/ERLBURG-Stage-News-1.jpg","contentUrl":"https:\/\/www.erlburg.law\/wp-content\/uploads\/2020\/02\/ERLBURG-Stage-News-1.jpg","width":1200,"height":500},{"@type":"BreadcrumbList","@id":"https:\/\/www.erlburg.law\/en\/imprint\/#breadcrumb","itemListElement":[{"@type":"ListItem","position":1,"name":"Startseite","item":"https:\/\/www.erlburg.law\/en\/"},{"@type":"ListItem","position":2,"name":"Imprint"}]},{"@type":"WebSite","@id":"https:\/\/www.erlburg.law\/#website","url":"https:\/\/www.erlburg.law\/","name":"ERLBURG Rechtsanwaltsgesellschaft mbH Berlin","description":"","potentialAction":[{"@type":"SearchAction","target":{"@type":"EntryPoint","urlTemplate":"https:\/\/www.erlburg.law\/?s={search_term_string}"},"query-input":{"@type":"PropertyValueSpecification","valueRequired":true,"valueName":"search_term_string"}}],"inLanguage":"en-US"}]}},"_links":{"self":[{"href":"https:\/\/www.erlburg.law\/en\/wp-json\/wp\/v2\/pages\/41","targetHints":{"allow":["GET"]}}],"collection":[{"href":"https:\/\/www.erlburg.law\/en\/wp-json\/wp\/v2\/pages"}],"about":[{"href":"https:\/\/www.erlburg.law\/en\/wp-json\/wp\/v2\/types\/page"}],"author":[{"embeddable":true,"href":"https:\/\/www.erlburg.law\/en\/wp-json\/wp\/v2\/users\/1"}],"replies":[{"embeddable":true,"href":"https:\/\/www.erlburg.law\/en\/wp-json\/wp\/v2\/comments?post=41"}],"version-history":[{"count":9,"href":"https:\/\/www.erlburg.law\/en\/wp-json\/wp\/v2\/pages\/41\/revisions"}],"predecessor-version":[{"id":880,"href":"https:\/\/www.erlburg.law\/en\/wp-json\/wp\/v2\/pages\/41\/revisions\/880"}],"wp:featuredmedia":[{"embeddable":true,"href":"https:\/\/www.erlburg.law\/en\/wp-json\/wp\/v2\/media\/291"}],"wp:attachment":[{"href":"https:\/\/www.erlburg.law\/en\/wp-json\/wp\/v2\/media?parent=41"}],"curies":[{"name":"wp","href":"https:\/\/api.w.org\/{rel}","templated":true}]}}